{"id":842,"date":"2018-12-05T10:13:47","date_gmt":"2018-12-05T10:13:47","guid":{"rendered":"http:\/\/ebakislicer.com\/video-corte-de-las-cuchillas\/"},"modified":"2019-03-09T13:36:05","modified_gmt":"2019-03-09T13:36:05","slug":"video-fonctionnement-des-lames","status":"publish","type":"page","link":"https:\/\/ebakislicer.com\/fr\/video-fonctionnement-des-lames\/","title":{"rendered":"Video fonctionement des lames"},"content":{"rendered":"<p><div class=\"fusion-fullwidth fullwidth-box fusion-builder-row-1 nonhundred-percent-fullwidth non-hundred-percent-height-scrolling\" style=\"--awb-border-radius-top-left:0px;--awb-border-radius-top-right:0px;--awb-border-radius-bottom-right:0px;--awb-border-radius-bottom-left:0px;--awb-flex-wrap:wrap;\" ><div class=\"fusion-builder-row fusion-row\"><div class=\"fusion-layout-column fusion_builder_column fusion-builder-column-0 fusion_builder_column_1_1 1_1 fusion-one-full fusion-column-first fusion-column-last\" style=\"--awb-bg-size:cover;\"><div class=\"fusion-column-wrapper fusion-flex-column-wrapper-legacy\"><div class=\"fusion-text fusion-text-1\"><h1 style=\"font-weight: 300;\">FONCTIONNEMENT DES LAMES DANS LES MACHINES DE TRANCHAGE EBAKI<\/h1>\n<\/div><div class=\"fusion-sep-clear\"><\/div><div class=\"fusion-separator fusion-full-width-sep\" style=\"margin-left: auto;margin-right: auto;width:100%;\"><div class=\"fusion-separator-border sep-single sep-solid\" style=\"--awb-height:20px;--awb-amount:20px;--awb-sep-color:#f7ac13;border-color:#f7ac13;border-top-width:1px;\"><\/div><\/div><div class=\"fusion-sep-clear\"><\/div><div class=\"fusion-sep-clear\"><\/div><div class=\"fusion-separator fusion-full-width-sep\" style=\"margin-left: auto;margin-right: auto;margin-top:50px;width:100%;\"><\/div><div class=\"fusion-sep-clear\"><\/div><div class=\"fusion-text fusion-text-2\"><p>Le mouvement invers\u00e9 des lames \u00e9vite le d\u00e9placement du produit et permet d&rsquo;obtenir une d\u00e9coupe tr\u00e8s r\u00e9guli\u00e8re.<\/p>\n<\/div><div class=\"fusion-clearfix\"><\/div><\/div><\/div><\/div><\/div><div class=\"fusion-fullwidth fullwidth-box fusion-builder-row-2 video-cuchillas nonhundred-percent-fullwidth non-hundred-percent-height-scrolling\" style=\"--awb-border-radius-top-left:0px;--awb-border-radius-top-right:0px;--awb-border-radius-bottom-right:0px;--awb-border-radius-bottom-left:0px;--awb-flex-wrap:wrap;\" ><div class=\"fusion-builder-row fusion-row\"><div class=\"fusion-layout-column fusion_builder_column fusion-builder-column-1 fusion_builder_column_1_1 1_1 fusion-one-full fusion-column-first fusion-column-last\" style=\"--awb-bg-size:cover;\"><div class=\"fusion-column-wrapper fusion-flex-column-wrapper-legacy\"><div class=\"fusion-text fusion-text-3 video\"><div style=\"width: 500px;\" class=\"wp-video\"><video class=\"wp-video-shortcode\" id=\"video-842-1\" width=\"500\" height=\"280\" preload=\"metadata\" controls=\"controls\"><source type=\"video\/mp4\" src=\"http:\/\/ebakislicer.com\/wp-content\/uploads\/2019\/01\/cuchillas-ebaki.mp4?_=1\" \/><a href=\"http:\/\/ebakislicer.com\/wp-content\/uploads\/2019\/01\/cuchillas-ebaki.mp4\">http:\/\/ebakislicer.com\/wp-content\/uploads\/2019\/01\/cuchillas-ebaki.mp4<\/a><\/video><\/div>\n<\/div><div class=\"fusion-clearfix\"><\/div><\/div><\/div><\/div><\/div><\/p>\n","protected":false},"excerpt":{"rendered":"","protected":false},"author":2,"featured_media":0,"parent":0,"menu_order":0,"comment_status":"closed","ping_status":"closed","template":"","meta":{"footnotes":""},"class_list":["post-842","page","type-page","status-publish","hentry"],"yoast_head":"<!-- This site is optimized with the Yoast SEO plugin v27.3 - https:\/\/yoast.com\/product\/yoast-seo-wordpress\/ -->\n<title>Video fonctionement des lames dans le trancheuse Ebaki<\/title>\n<meta name=\"description\" content=\"Video fonctionement des lames: Le mouvement invers\u00e9 des lames \u00e9vite le d\u00e9placement du produit et permet d\u2019obtenir une d\u00e9coupe tr\u00e8s r\u00e9guli\u00e8re.\" \/>\n<meta name=\"robots\" content=\"index, follow, max-snippet:-1, max-image-preview:large, max-video-preview:-1\" \/>\n<link rel=\"canonical\" href=\"https:\/\/ebakislicer.com\/fr\/video-fonctionnement-des-lames\/\" \/>\n<meta property=\"og:locale\" content=\"fr_FR\" \/>\n<meta property=\"og:type\" content=\"article\" \/>\n<meta property=\"og:title\" content=\"Video fonctionement des lames dans le trancheuse Ebaki\" \/>\n<meta property=\"og:description\" content=\"Video fonctionement des lames: Le mouvement invers\u00e9 des lames \u00e9vite le d\u00e9placement du produit et permet d\u2019obtenir une d\u00e9coupe tr\u00e8s r\u00e9guli\u00e8re.\" \/>\n<meta property=\"og:url\" content=\"https:\/\/ebakislicer.com\/fr\/video-fonctionnement-des-lames\/\" \/>\n<meta property=\"og:site_name\" content=\"EBAKI Fileteadora Industrial de Pollo y Carne | Cortadora Horizontal\" \/>\n<meta property=\"article:modified_time\" content=\"2019-03-09T13:36:05+00:00\" \/>\n<meta name=\"twitter:card\" content=\"summary_large_image\" \/>\n<meta name=\"twitter:label1\" content=\"Dur\u00e9e de lecture estim\u00e9e\" \/>\n\t<meta name=\"twitter:data1\" content=\"3 minutes\" \/>\n<script type=\"application\/ld+json\" class=\"yoast-schema-graph\">{\"@context\":\"https:\\\/\\\/schema.org\",\"@graph\":[{\"@type\":\"WebPage\",\"@id\":\"https:\\\/\\\/ebakislicer.com\\\/fr\\\/video-fonctionnement-des-lames\\\/\",\"url\":\"https:\\\/\\\/ebakislicer.com\\\/fr\\\/video-fonctionnement-des-lames\\\/\",\"name\":\"Video fonctionement des lames dans le trancheuse Ebaki\",\"isPartOf\":{\"@id\":\"https:\\\/\\\/ebakislicer.com\\\/#website\"},\"datePublished\":\"2018-12-05T10:13:47+00:00\",\"dateModified\":\"2019-03-09T13:36:05+00:00\",\"description\":\"Video fonctionement des lames: Le mouvement invers\u00e9 des lames \u00e9vite le d\u00e9placement du produit et permet d\u2019obtenir une d\u00e9coupe tr\u00e8s r\u00e9guli\u00e8re.\",\"breadcrumb\":{\"@id\":\"https:\\\/\\\/ebakislicer.com\\\/fr\\\/video-fonctionnement-des-lames\\\/#breadcrumb\"},\"inLanguage\":\"fr-FR\",\"potentialAction\":[{\"@type\":\"ReadAction\",\"target\":[\"https:\\\/\\\/ebakislicer.com\\\/fr\\\/video-fonctionnement-des-lames\\\/\"]}]},{\"@type\":\"BreadcrumbList\",\"@id\":\"https:\\\/\\\/ebakislicer.com\\\/fr\\\/video-fonctionnement-des-lames\\\/#breadcrumb\",\"itemListElement\":[{\"@type\":\"ListItem\",\"position\":1,\"name\":\"Portada\",\"item\":\"https:\\\/\\\/ebakislicer.com\\\/fr\\\/\"},{\"@type\":\"ListItem\",\"position\":2,\"name\":\"Video fonctionement des lames\"}]},{\"@type\":\"WebSite\",\"@id\":\"https:\\\/\\\/ebakislicer.com\\\/#website\",\"url\":\"https:\\\/\\\/ebakislicer.com\\\/\",\"name\":\"Ebakislicer - Fileteadora horizontal de carne\",\"description\":\"EBAKI: fileteadora industrial de pollo y carne sin hueso. Cortadora horizontal\",\"publisher\":{\"@id\":\"https:\\\/\\\/ebakislicer.com\\\/#organization\"},\"alternateName\":\"EBAKI \u2013 Fileteadora de pollo\",\"potentialAction\":[{\"@type\":\"SearchAction\",\"target\":{\"@type\":\"EntryPoint\",\"urlTemplate\":\"https:\\\/\\\/ebakislicer.com\\\/?s={search_term_string}\"},\"query-input\":{\"@type\":\"PropertyValueSpecification\",\"valueRequired\":true,\"valueName\":\"search_term_string\"}}],\"inLanguage\":\"fr-FR\"},{\"@type\":\"Organization\",\"@id\":\"https:\\\/\\\/ebakislicer.com\\\/#organization\",\"name\":\"Ebakislicer - Fileteadora horizontal de carne\",\"url\":\"https:\\\/\\\/ebakislicer.com\\\/\",\"logo\":{\"@type\":\"ImageObject\",\"inLanguage\":\"fr-FR\",\"@id\":\"https:\\\/\\\/ebakislicer.com\\\/#\\\/schema\\\/logo\\\/image\\\/\",\"url\":\"https:\\\/\\\/ebakislicer.com\\\/wp-content\\\/uploads\\\/2025\\\/07\\\/EBAKI-logo.png\",\"contentUrl\":\"https:\\\/\\\/ebakislicer.com\\\/wp-content\\\/uploads\\\/2025\\\/07\\\/EBAKI-logo.png\",\"width\":2362,\"height\":720,\"caption\":\"Ebakislicer - Fileteadora horizontal de carne\"},\"image\":{\"@id\":\"https:\\\/\\\/ebakislicer.com\\\/#\\\/schema\\\/logo\\\/image\\\/\"},\"sameAs\":[\"https:\\\/\\\/www.instagram.com\\\/dimaq.ebaki\\\/\",\"https:\\\/\\\/www.linkedin.com\\\/company\\\/dimaq-xxi-s-l\",\"https:\\\/\\\/www.youtube.com\\\/@DIMAQXXI\"]}]}<\/script>\n<!-- \/ Yoast SEO plugin. -->","yoast_head_json":{"title":"Video fonctionement des lames dans le trancheuse Ebaki","description":"Video fonctionement des lames: Le mouvement invers\u00e9 des lames \u00e9vite le d\u00e9placement du produit et permet d\u2019obtenir une d\u00e9coupe tr\u00e8s r\u00e9guli\u00e8re.","robots":{"index":"index","follow":"follow","max-snippet":"max-snippet:-1","max-image-preview":"max-image-preview:large","max-video-preview":"max-video-preview:-1"},"canonical":"https:\/\/ebakislicer.com\/fr\/video-fonctionnement-des-lames\/","og_locale":"fr_FR","og_type":"article","og_title":"Video fonctionement des lames dans le trancheuse Ebaki","og_description":"Video fonctionement des lames: Le mouvement invers\u00e9 des lames \u00e9vite le d\u00e9placement du produit et permet d\u2019obtenir une d\u00e9coupe tr\u00e8s r\u00e9guli\u00e8re.","og_url":"https:\/\/ebakislicer.com\/fr\/video-fonctionnement-des-lames\/","og_site_name":"EBAKI Fileteadora Industrial de Pollo y Carne | Cortadora Horizontal","article_modified_time":"2019-03-09T13:36:05+00:00","twitter_card":"summary_large_image","twitter_misc":{"Dur\u00e9e de lecture estim\u00e9e":"3 minutes"},"schema":{"@context":"https:\/\/schema.org","@graph":[{"@type":"WebPage","@id":"https:\/\/ebakislicer.com\/fr\/video-fonctionnement-des-lames\/","url":"https:\/\/ebakislicer.com\/fr\/video-fonctionnement-des-lames\/","name":"Video fonctionement des lames dans le trancheuse Ebaki","isPartOf":{"@id":"https:\/\/ebakislicer.com\/#website"},"datePublished":"2018-12-05T10:13:47+00:00","dateModified":"2019-03-09T13:36:05+00:00","description":"Video fonctionement des lames: Le mouvement invers\u00e9 des lames \u00e9vite le d\u00e9placement du produit et permet d\u2019obtenir une d\u00e9coupe tr\u00e8s r\u00e9guli\u00e8re.","breadcrumb":{"@id":"https:\/\/ebakislicer.com\/fr\/video-fonctionnement-des-lames\/#breadcrumb"},"inLanguage":"fr-FR","potentialAction":[{"@type":"ReadAction","target":["https:\/\/ebakislicer.com\/fr\/video-fonctionnement-des-lames\/"]}]},{"@type":"BreadcrumbList","@id":"https:\/\/ebakislicer.com\/fr\/video-fonctionnement-des-lames\/#breadcrumb","itemListElement":[{"@type":"ListItem","position":1,"name":"Portada","item":"https:\/\/ebakislicer.com\/fr\/"},{"@type":"ListItem","position":2,"name":"Video fonctionement des lames"}]},{"@type":"WebSite","@id":"https:\/\/ebakislicer.com\/#website","url":"https:\/\/ebakislicer.com\/","name":"Ebakislicer - Fileteadora horizontal de carne","description":"EBAKI: fileteadora industrial de pollo y carne sin hueso. Cortadora horizontal","publisher":{"@id":"https:\/\/ebakislicer.com\/#organization"},"alternateName":"EBAKI \u2013 Fileteadora de pollo","potentialAction":[{"@type":"SearchAction","target":{"@type":"EntryPoint","urlTemplate":"https:\/\/ebakislicer.com\/?s={search_term_string}"},"query-input":{"@type":"PropertyValueSpecification","valueRequired":true,"valueName":"search_term_string"}}],"inLanguage":"fr-FR"},{"@type":"Organization","@id":"https:\/\/ebakislicer.com\/#organization","name":"Ebakislicer - Fileteadora horizontal de carne","url":"https:\/\/ebakislicer.com\/","logo":{"@type":"ImageObject","inLanguage":"fr-FR","@id":"https:\/\/ebakislicer.com\/#\/schema\/logo\/image\/","url":"https:\/\/ebakislicer.com\/wp-content\/uploads\/2025\/07\/EBAKI-logo.png","contentUrl":"https:\/\/ebakislicer.com\/wp-content\/uploads\/2025\/07\/EBAKI-logo.png","width":2362,"height":720,"caption":"Ebakislicer - Fileteadora horizontal de carne"},"image":{"@id":"https:\/\/ebakislicer.com\/#\/schema\/logo\/image\/"},"sameAs":["https:\/\/www.instagram.com\/dimaq.ebaki\/","https:\/\/www.linkedin.com\/company\/dimaq-xxi-s-l","https:\/\/www.youtube.com\/@DIMAQXXI"]}]}},"_links":{"self":[{"href":"https:\/\/ebakislicer.com\/fr\/wp-json\/wp\/v2\/pages\/842","targetHints":{"allow":["GET"]}}],"collection":[{"href":"https:\/\/ebakislicer.com\/fr\/wp-json\/wp\/v2\/pages"}],"about":[{"href":"https:\/\/ebakislicer.com\/fr\/wp-json\/wp\/v2\/types\/page"}],"author":[{"embeddable":true,"href":"https:\/\/ebakislicer.com\/fr\/wp-json\/wp\/v2\/users\/2"}],"replies":[{"embeddable":true,"href":"https:\/\/ebakislicer.com\/fr\/wp-json\/wp\/v2\/comments?post=842"}],"version-history":[{"count":2,"href":"https:\/\/ebakislicer.com\/fr\/wp-json\/wp\/v2\/pages\/842\/revisions"}],"predecessor-version":[{"id":846,"href":"https:\/\/ebakislicer.com\/fr\/wp-json\/wp\/v2\/pages\/842\/revisions\/846"}],"wp:attachment":[{"href":"https:\/\/ebakislicer.com\/fr\/wp-json\/wp\/v2\/media?parent=842"}],"curies":[{"name":"wp","href":"https:\/\/api.w.org\/{rel}","templated":true}]}}